{"id":267,"date":"2026-04-25T10:36:50","date_gmt":"2026-04-25T10:36:50","guid":{"rendered":"https:\/\/buenaparkheartcenter.com\/why-choose-bphc\/"},"modified":"2026-04-25T11:48:47","modified_gmt":"2026-04-25T11:48:47","slug":"why-choose-bphc","status":"publish","type":"page","link":"https:\/\/buenaparkheartcenter.com\/es\/why-choose-bphc\/","title":{"rendered":"\u00bfPor qu\u00e9 elegir el BPHC?"},"content":{"rendered":"<div data-elementor-type=\"wp-page\" data-elementor-id=\"267\" class=\"elementor elementor-267\" data-elementor-post-type=\"page\">\n\t\t\t\t<div class=\"elementor-element elementor-element-7c3d641b e-flex e-con-boxed e-con e-parent\" data-id=\"7c3d641b\" data-element_type=\"container\" data-e-type=\"container\" data-settings=\"{&quot;background_background&quot;:&quot;classic&quot;}\">\n\t\t\t\t\t<div class=\"e-con-inner\">\n\t\t\t\t<div class=\"elementor-element elementor-element-1ebbef50 elementor-widget elementor-widget-text-editor\" data-id=\"1ebbef50\" data-element_type=\"widget\" data-e-type=\"widget\" data-widget_type=\"text-editor.default\">\n\t\t\t\t\t\t\t\t\tTecnolog\u00eda en la que puedes confiar. Cuidado que puedas sentir.  \t\t\t\t\t\t\t\t<\/div>\n\t\t\t\t<div class=\"elementor-element elementor-element-38af7701 elementor-widget elementor-widget-heading\" data-id=\"38af7701\" data-element_type=\"widget\" data-e-type=\"widget\" data-widget_type=\"heading.default\">\n\t\t\t\t\t<h1 class=\"elementor-heading-title elementor-size-default\">Experiencia en la que puedes confiar<\/h1>\t\t\t\t<\/div>\n\t\t\t\t\t<\/div>\n\t\t\t\t<\/div>\n\t\t<div class=\"elementor-element elementor-element-18ffc524 e-flex e-con-boxed e-con e-parent\" data-id=\"18ffc524\" data-element_type=\"container\" data-e-type=\"container\">\n\t\t\t\t\t<div class=\"e-con-inner\">\n\t\t<div class=\"elementor-element elementor-element-53e9223c e-con-full e-flex e-con e-child\" data-id=\"53e9223c\" data-element_type=\"container\" data-e-type=\"container\">\n\t\t\t\t<div class=\"elementor-element elementor-element-1f54b499 elementor-widget elementor-widget-image\" data-id=\"1f54b499\" data-element_type=\"widget\" data-e-type=\"widget\" data-widget_type=\"image.default\">\n\t\t\t\t\t\t\t\t\t\t\t\t\t\t\t<img fetchpriority=\"high\" decoding=\"async\" width=\"615\" height=\"461\" src=\"https:\/\/buenaparkheartcenter.com\/wp-content\/uploads\/2026\/04\/why-2.jpg\" class=\"attachment-full size-full wp-image-272\" alt=\"\" srcset=\"https:\/\/buenaparkheartcenter.com\/wp-content\/uploads\/2026\/04\/why-2.jpg 615w, https:\/\/buenaparkheartcenter.com\/wp-content\/uploads\/2026\/04\/why-2-300x225.jpg 300w, https:\/\/buenaparkheartcenter.com\/wp-content\/uploads\/2026\/04\/why-2-16x12.jpg 16w\" sizes=\"(max-width: 615px) 100vw, 615px\" \/>\t\t\t\t\t\t\t\t\t\t\t\t\t\t\t<\/div>\n\t\t\t\t<\/div>\n\t\t<div class=\"elementor-element elementor-element-4827b489 e-con-full e-flex e-con e-child\" data-id=\"4827b489\" data-element_type=\"container\" data-e-type=\"container\">\n\t\t\t\t<div class=\"elementor-element elementor-element-16b5764b elementor-widget elementor-widget-heading\" data-id=\"16b5764b\" data-element_type=\"widget\" data-e-type=\"widget\" data-widget_type=\"heading.default\">\n\t\t\t\t\t<h2 class=\"elementor-heading-title elementor-size-default\">\u00bfPor qu\u00e9 elegir Buena Park Heart Center?<\/h2>\t\t\t\t<\/div>\n\t\t\t\t<div class=\"elementor-element elementor-element-4178d7b6 elementor-widget elementor-widget-text-editor\" data-id=\"4178d7b6\" data-element_type=\"widget\" data-e-type=\"widget\" data-widget_type=\"text-editor.default\">\n\t\t\t\t\t\t\t\t\tElegir al equipo de cardiolog\u00eda adecuado es una de las decisiones sanitarias m\u00e1s importantes que tomar\u00e1s. En Buena Park Heart Center, combinamos d\u00e9cadas de experiencia cardiovascular con tecnolog\u00eda diagn\u00f3stica avanzada y un enfoque compasivo y centrado en el paciente.\n\t\t\t\t\t\t\t\t<\/div>\n\t\t\t\t<div class=\"elementor-element elementor-element-705dc539 elementor-widget elementor-widget-button\" data-id=\"705dc539\" data-element_type=\"widget\" data-e-type=\"widget\" data-widget_type=\"button.default\">\n\t\t\t\t\t\t\t\t\t\t<a class=\"elementor-button elementor-button-link elementor-size-sm\" href=\"tel:(714)%20821-8588\">\n\t\t\t\t\t\t<span class=\"elementor-button-content-wrapper\">\n\t\t\t\t\t\t\t\t\t<span class=\"elementor-button-text\">Programa una consulta<\/span>\n\t\t\t\t\t<\/span>\n\t\t\t\t\t<\/a>\n\t\t\t\t\t\t\t\t<\/div>\n\t\t\t\t<\/div>\n\t\t\t\t\t<\/div>\n\t\t\t\t<\/div>\n\t\t<div class=\"elementor-element elementor-element-6e4721ca e-flex e-con-boxed e-con e-parent\" data-id=\"6e4721ca\" data-element_type=\"container\" data-e-type=\"container\" data-settings=\"{&quot;background_background&quot;:&quot;classic&quot;}\">\n\t\t\t\t\t<div class=\"e-con-inner\">\n\t\t\t\t<div class=\"elementor-element elementor-element-43080f41 elementor-widget-divider--view-line_text elementor-widget-divider--element-align-right elementor-widget elementor-widget-divider\" data-id=\"43080f41\" data-element_type=\"widget\" data-e-type=\"widget\" data-widget_type=\"divider.default\">\n\t\t\t\t\t\t\t<div class=\"elementor-divider\">\n\t\t\t<span class=\"elementor-divider-separator\">\n\t\t\t\t\t\t\t<span class=\"elementor-divider__text elementor-divider__element\">\n\t\t\t\tLa diferencia\t\t\t\t<\/span>\n\t\t\t\t\t\t<\/span>\n\t\t<\/div>\n\t\t\t\t\t\t<\/div>\n\t\t\t\t<div class=\"elementor-element elementor-element-2d90b4d9 elementor-widget elementor-widget-heading\" data-id=\"2d90b4d9\" data-element_type=\"widget\" data-e-type=\"widget\" data-widget_type=\"heading.default\">\n\t\t\t\t\t<h2 class=\"elementor-heading-title elementor-size-default\">Por qu\u00e9 los pacientes nos eligen\n<\/h2>\t\t\t\t<\/div>\n\t\t<div class=\"elementor-element elementor-element-666bdf03 e-con-full e-flex e-con e-child\" data-id=\"666bdf03\" data-element_type=\"container\" data-e-type=\"container\">\n\t\t<div class=\"elementor-element elementor-element-2342f601 e-con-full e-flex e-con e-child\" data-id=\"2342f601\" data-element_type=\"container\" data-e-type=\"container\" data-settings=\"{&quot;background_background&quot;:&quot;classic&quot;}\">\n\t\t\t\t<div class=\"elementor-element elementor-element-4c737951 elementor-widget elementor-widget-heading\" data-id=\"4c737951\" data-element_type=\"widget\" data-e-type=\"widget\" data-widget_type=\"heading.default\">\n\t\t\t\t\t<h3 class=\"elementor-heading-title elementor-size-default\">Atenci\u00f3n integral bajo un mismo techo<\/h3>\t\t\t\t<\/div>\n\t\t\t\t<div class=\"elementor-element elementor-element-74c3c57c elementor-widget elementor-widget-text-editor\" data-id=\"74c3c57c\" data-element_type=\"widget\" data-e-type=\"widget\" data-widget_type=\"text-editor.default\">\n\t\t\t\t\t\t\t\t\tDesde cuidados preventivos e im\u00e1genes avanzadas hasta cardiolog\u00eda intervencionista y manejo del ritmo, ofrecemos un espectro completo de servicios cardiovasculares en un entorno coordinado.\t\t\t\t\t\t\t\t<\/div>\n\t\t\t\t<div class=\"elementor-element elementor-element-1436e15e elementor-widget elementor-widget-image\" data-id=\"1436e15e\" data-element_type=\"widget\" data-e-type=\"widget\" data-widget_type=\"image.default\">\n\t\t\t\t\t\t\t\t\t\t\t\t\t\t\t<img decoding=\"async\" width=\"719\" height=\"546\" src=\"https:\/\/buenaparkheartcenter.com\/wp-content\/uploads\/2026\/04\/why-4.jpg\" class=\"attachment-large size-large wp-image-274\" alt=\"\" srcset=\"https:\/\/buenaparkheartcenter.com\/wp-content\/uploads\/2026\/04\/why-4.jpg 719w, https:\/\/buenaparkheartcenter.com\/wp-content\/uploads\/2026\/04\/why-4-300x228.jpg 300w, https:\/\/buenaparkheartcenter.com\/wp-content\/uploads\/2026\/04\/why-4-16x12.jpg 16w\" sizes=\"(max-width: 719px) 100vw, 719px\" \/>\t\t\t\t\t\t\t\t\t\t\t\t\t\t\t<\/div>\n\t\t\t\t<\/div>\n\t\t<div class=\"elementor-element elementor-element-749c981e e-con-full e-flex e-con e-child\" data-id=\"749c981e\" data-element_type=\"container\" data-e-type=\"container\" data-settings=\"{&quot;background_background&quot;:&quot;classic&quot;}\">\n\t\t\t\t<div class=\"elementor-element elementor-element-1920c86c elementor-widget elementor-widget-heading\" data-id=\"1920c86c\" data-element_type=\"widget\" data-e-type=\"widget\" data-widget_type=\"heading.default\">\n\t\t\t\t\t<h3 class=\"elementor-heading-title elementor-size-default\">Liderazgo experimentado<\/h3>\t\t\t\t<\/div>\n\t\t\t\t<div class=\"elementor-element elementor-element-5a55793d elementor-widget elementor-widget-text-editor\" data-id=\"5a55793d\" data-element_type=\"widget\" data-e-type=\"widget\" data-widget_type=\"text-editor.default\">\n\t\t\t\t\t\t\t\t\tNuestra consulta est\u00e1 dirigida por un cardi\u00f3logo altamente experimentado con m\u00e1s de cuatro d\u00e9cadas de experiencia cl\u00ednica tanto en cardiolog\u00eda no invasiva como invasiva.\t\t\t\t\t\t\t\t<\/div>\n\t\t\t\t<div class=\"elementor-element elementor-element-6cdf5b9d elementor-widget elementor-widget-image\" data-id=\"6cdf5b9d\" data-element_type=\"widget\" data-e-type=\"widget\" data-widget_type=\"image.default\">\n\t\t\t\t\t\t\t\t\t\t\t\t\t\t\t<img decoding=\"async\" width=\"702\" height=\"624\" src=\"https:\/\/buenaparkheartcenter.com\/wp-content\/uploads\/2026\/04\/why-6-1.jpg\" class=\"attachment-large size-large wp-image-241\" alt=\"\" srcset=\"https:\/\/buenaparkheartcenter.com\/wp-content\/uploads\/2026\/04\/why-6-1.jpg 702w, https:\/\/buenaparkheartcenter.com\/wp-content\/uploads\/2026\/04\/why-6-1-300x267.jpg 300w, https:\/\/buenaparkheartcenter.com\/wp-content\/uploads\/2026\/04\/why-6-1-14x12.jpg 14w\" sizes=\"(max-width: 702px) 100vw, 702px\" \/>\t\t\t\t\t\t\t\t\t\t\t\t\t\t\t<\/div>\n\t\t\t\t<\/div>\n\t\t\t\t<\/div>\n\t\t<div class=\"elementor-element elementor-element-69ed1cd e-con-full e-flex e-con e-child\" data-id=\"69ed1cd\" data-element_type=\"container\" data-e-type=\"container\">\n\t\t<div class=\"elementor-element elementor-element-413496ad e-con-full e-flex e-con e-child\" data-id=\"413496ad\" data-element_type=\"container\" data-e-type=\"container\" data-settings=\"{&quot;background_background&quot;:&quot;classic&quot;}\">\n\t\t\t\t<div class=\"elementor-element elementor-element-1eed2ae elementor-widget elementor-widget-heading\" data-id=\"1eed2ae\" data-element_type=\"widget\" data-e-type=\"widget\" data-widget_type=\"heading.default\">\n\t\t\t\t\t<h3 class=\"elementor-heading-title elementor-size-default\">Tecnolog\u00eda Avanzada de Diagn\u00f3stico<\/h3>\t\t\t\t<\/div>\n\t\t\t\t<div class=\"elementor-element elementor-element-1ae2f979 elementor-widget elementor-widget-text-editor\" data-id=\"1ae2f979\" data-element_type=\"widget\" data-e-type=\"widget\" data-widget_type=\"text-editor.default\">\n\t\t\t\t\t\t\t\t\tUtilizamos equipos modernos y protocolos basados en la evidencia para garantizar un diagn\u00f3stico preciso y planes de tratamiento personalizados. \t\t\t\t\t\t\t\t<\/div>\n\t\t\t\t<div class=\"elementor-element elementor-element-5a93a4c0 elementor-widget elementor-widget-image\" data-id=\"5a93a4c0\" data-element_type=\"widget\" data-e-type=\"widget\" data-widget_type=\"image.default\">\n\t\t\t\t\t\t\t\t\t\t\t\t\t\t\t<img loading=\"lazy\" decoding=\"async\" width=\"577\" height=\"593\" src=\"https:\/\/buenaparkheartcenter.com\/wp-content\/uploads\/2026\/04\/why-7.jpg\" class=\"attachment-large size-large wp-image-276\" alt=\"\" srcset=\"https:\/\/buenaparkheartcenter.com\/wp-content\/uploads\/2026\/04\/why-7.jpg 577w, https:\/\/buenaparkheartcenter.com\/wp-content\/uploads\/2026\/04\/why-7-292x300.jpg 292w, https:\/\/buenaparkheartcenter.com\/wp-content\/uploads\/2026\/04\/why-7-12x12.jpg 12w\" sizes=\"(max-width: 577px) 100vw, 577px\" \/>\t\t\t\t\t\t\t\t\t\t\t\t\t\t\t<\/div>\n\t\t\t\t<\/div>\n\t\t<div class=\"elementor-element elementor-element-20ca210 e-con-full e-flex e-con e-child\" data-id=\"20ca210\" data-element_type=\"container\" data-e-type=\"container\" data-settings=\"{&quot;background_background&quot;:&quot;classic&quot;}\">\n\t\t\t\t<div class=\"elementor-element elementor-element-41a1a721 elementor-widget elementor-widget-heading\" data-id=\"41a1a721\" data-element_type=\"widget\" data-e-type=\"widget\" data-widget_type=\"heading.default\">\n\t\t\t\t\t<h3 class=\"elementor-heading-title elementor-size-default\">Enfoque personalizado y compasivo<\/h3>\t\t\t\t<\/div>\n\t\t\t\t<div class=\"elementor-element elementor-element-53bc0a4f elementor-widget elementor-widget-text-editor\" data-id=\"53bc0a4f\" data-element_type=\"widget\" data-e-type=\"widget\" data-widget_type=\"text-editor.default\">\n\t\t\t\t\t\t\t\t\tNos tomamos tiempo para escuchar, educar e implicar a los pacientes en sus decisiones de cuidado. Cada plan de tratamiento es individualizado \u2014 no hay un medicamento \"talla \u00fanica\".\t\t\t\t\t\t\t\t<\/div>\n\t\t\t\t<div class=\"elementor-element elementor-element-439959dd elementor-widget elementor-widget-image\" data-id=\"439959dd\" data-element_type=\"widget\" data-e-type=\"widget\" data-widget_type=\"image.default\">\n\t\t\t\t\t\t\t\t\t\t\t\t\t\t\t<img loading=\"lazy\" decoding=\"async\" width=\"823\" height=\"736\" src=\"https:\/\/buenaparkheartcenter.com\/wp-content\/uploads\/2026\/04\/why-9.jpg\" class=\"attachment-large size-large wp-image-278\" alt=\"\" srcset=\"https:\/\/buenaparkheartcenter.com\/wp-content\/uploads\/2026\/04\/why-9.jpg 823w, https:\/\/buenaparkheartcenter.com\/wp-content\/uploads\/2026\/04\/why-9-300x268.jpg 300w, https:\/\/buenaparkheartcenter.com\/wp-content\/uploads\/2026\/04\/why-9-768x687.jpg 768w, https:\/\/buenaparkheartcenter.com\/wp-content\/uploads\/2026\/04\/why-9-13x12.jpg 13w\" sizes=\"(max-width: 823px) 100vw, 823px\" \/>\t\t\t\t\t\t\t\t\t\t\t\t\t\t\t<\/div>\n\t\t\t\t<\/div>\n\t\t\t\t<\/div>\n\t\t<div class=\"elementor-element elementor-element-7e8fbcdd e-con-full e-flex e-con e-child\" data-id=\"7e8fbcdd\" data-element_type=\"container\" data-e-type=\"container\">\n\t\t<div class=\"elementor-element elementor-element-11eb07f2 e-con-full e-flex e-con e-child\" data-id=\"11eb07f2\" data-element_type=\"container\" data-e-type=\"container\" data-settings=\"{&quot;background_background&quot;:&quot;classic&quot;}\">\n\t\t\t\t<div class=\"elementor-element elementor-element-7cb760e8 elementor-view-stacked elementor-shape-circle elementor-position-block-start elementor-mobile-position-block-start elementor-widget elementor-widget-icon-box\" data-id=\"7cb760e8\" data-element_type=\"widget\" data-e-type=\"widget\" data-widget_type=\"icon-box.default\">\n\t\t\t\t\t\t\t<div class=\"elementor-icon-box-wrapper\">\n\n\t\t\t\t\t\t<div class=\"elementor-icon-box-icon\">\n\t\t\t\t<span  class=\"elementor-icon\">\n\t\t\t\t<svg aria-hidden=\"true\" class=\"e-font-icon-svg e-fas-hand-holding-heart\" viewbox=\"0 0 576 512\" xmlns=\"http:\/\/www.w3.org\/2000\/svg\"><path d=\"M275.3 250.5c7 7.4 18.4 7.4 25.5 0l108.9-114.2c31.6-33.2 29.8-88.2-5.6-118.8-30.8-26.7-76.7-21.9-104.9 7.7L288 36.9l-11.1-11.6C248.7-4.4 202.8-9.2 172 17.5c-35.3 30.6-37.2 85.6-5.6 118.8l108.9 114.2zm290 77.6c-11.8-10.7-30.2-10-42.6 0L430.3 402c-11.3 9.1-25.4 14-40 14H272c-8.8 0-16-7.2-16-16s7.2-16 16-16h78.3c15.9 0 30.7-10.9 33.3-26.6 3.3-20-12.1-37.4-31.6-37.4H192c-27 0-53.1 9.3-74.1 26.3L71.4 384H16c-8.8 0-16 7.2-16 16v96c0 8.8 7.2 16 16 16h356.8c14.5 0 28.6-4.9 40-14L564 377c15.2-12.1 16.4-35.3 1.3-48.9z\"><\/path><\/svg>\t\t\t\t<\/span>\n\t\t\t<\/div>\n\t\t\t\n\t\t\t\t\t\t<div class=\"elementor-icon-box-content\">\n\n\t\t\t\t\t\t\t\t\t<h3 class=\"elementor-icon-box-title\">\n\t\t\t\t\t\t<span  >\n\t\t\t\t\t\t\tContinuidad de la atenci\u00f3n\t\t\t\t\t\t<\/span>\n\t\t\t\t\t<\/h3>\n\t\t\t\t\n\t\t\t\t\t\t\t\t\t<p class=\"elementor-icon-box-description\">\n\t\t\t\t\t\tDesde la evaluaci\u00f3n inicial hasta el seguimiento a largo plazo, seguimos participando activamente en tu camino hacia la salud cardiovascular.\t\t\t\t\t<\/p>\n\t\t\t\t\n\t\t\t<\/div>\n\t\t\t\n\t\t<\/div>\n\t\t\t\t\t\t<\/div>\n\t\t\t\t<\/div>\n\t\t\t\t<\/div>\n\t\t\t\t\t<\/div>\n\t\t\t\t<\/div>\n\t\t<div class=\"elementor-element elementor-element-3a3f248a e-flex e-con-boxed e-con e-parent\" data-id=\"3a3f248a\" data-element_type=\"container\" data-e-type=\"container\" data-settings=\"{&quot;background_background&quot;:&quot;classic&quot;}\">\n\t\t\t\t\t<div class=\"e-con-inner\">\n\t\t<div class=\"elementor-element elementor-element-56e064a4 e-con-full e-flex e-con e-child\" data-id=\"56e064a4\" data-element_type=\"container\" data-e-type=\"container\">\n\t\t\t\t<div class=\"elementor-element elementor-element-2b15268b elementor-widget elementor-widget-text-editor\" data-id=\"2b15268b\" data-element_type=\"widget\" data-e-type=\"widget\" data-widget_type=\"text-editor.default\">\n\t\t\t\t\t\t\t\t\tName _______________________________________ Date ______ &#8211; ______ &#8211; 202__ \t\t\t\t\t\t\t\t<\/div>\n\t\t\t\t<div class=\"elementor-element elementor-element-32f110ba elementor-widget elementor-widget-image\" data-id=\"32f110ba\" data-element_type=\"widget\" data-e-type=\"widget\" data-widget_type=\"image.default\">\n\t\t\t\t\t\t\t\t\t\t\t\t\t\t\t<img loading=\"lazy\" decoding=\"async\" width=\"1339\" height=\"634\" src=\"https:\/\/buenaparkheartcenter.com\/wp-content\/uploads\/2026\/04\/why-10.png\" class=\"attachment-full size-full wp-image-280\" alt=\"\" srcset=\"https:\/\/buenaparkheartcenter.com\/wp-content\/uploads\/2026\/04\/why-10.png 1339w, https:\/\/buenaparkheartcenter.com\/wp-content\/uploads\/2026\/04\/why-10-300x142.png 300w, https:\/\/buenaparkheartcenter.com\/wp-content\/uploads\/2026\/04\/why-10-1024x485.png 1024w, https:\/\/buenaparkheartcenter.com\/wp-content\/uploads\/2026\/04\/why-10-768x364.png 768w, https:\/\/buenaparkheartcenter.com\/wp-content\/uploads\/2026\/04\/why-10-18x9.png 18w\" sizes=\"(max-width: 1339px) 100vw, 1339px\" \/>\t\t\t\t\t\t\t\t\t\t\t\t\t\t\t<\/div>\n\t\t\t\t<div class=\"elementor-element elementor-element-3fd4f53f elementor-widget elementor-widget-text-editor\" data-id=\"3fd4f53f\" data-element_type=\"widget\" data-e-type=\"widget\" data-widget_type=\"text-editor.default\">\n\t\t\t\t\t\t\t\t\tDejar de fumar, no tener humo de segunda mano ni cigarrillos electr\u00f3nicos.\nEjercicio aer\u00f3bico, moderado, 30-60 minutos al d\u00eda, al menos 5 d\u00edas a la semana.   \t\t\t\t\t\t\t\t<\/div>\n\t\t\t\t<\/div>\n\t\t<div class=\"elementor-element elementor-element-4ba6ba70 e-con-full e-flex e-con e-child\" data-id=\"4ba6ba70\" data-element_type=\"container\" data-e-type=\"container\">\n\t\t\t\t<div class=\"elementor-element elementor-element-60ec885f elementor-widget-divider--view-line_text elementor-widget-divider--element-align-right elementor-widget elementor-widget-divider\" data-id=\"60ec885f\" data-element_type=\"widget\" data-e-type=\"widget\" data-widget_type=\"divider.default\">\n\t\t\t\t\t\t\t<div class=\"elementor-divider\">\n\t\t\t<span class=\"elementor-divider-separator\">\n\t\t\t\t\t\t\t<span class=\"elementor-divider__text elementor-divider__element\">\n\t\t\t\tPatient education\t\t\t\t<\/span>\n\t\t\t\t\t\t<\/span>\n\t\t<\/div>\n\t\t\t\t\t\t<\/div>\n\t\t\t\t<div class=\"elementor-element elementor-element-424014c7 elementor-widget elementor-widget-heading\" data-id=\"424014c7\" data-element_type=\"widget\" data-e-type=\"widget\" data-widget_type=\"heading.default\">\n\t\t\t\t\t<h2 class=\"elementor-heading-title elementor-size-default\">FACTORES DE RIESGO PARA LA ENFERMEDAD ARTERIAL CORONARIA<\/h2>\t\t\t\t<\/div>\n\t\t\t\t<div class=\"elementor-element elementor-element-17fb12b8 elementor-widget elementor-widget-text-editor\" data-id=\"17fb12b8\" data-element_type=\"widget\" data-e-type=\"widget\" data-widget_type=\"text-editor.default\">\n\t\t\t\t\t\t\t\t\t<table class=\"risk-table\">\n<thead>\n<tr>\n<th>Risk Factor<\/th>\n<th>Your Numbers<\/th>\n<th>Target Goal<\/th>\n<\/tr>\n<\/thead>\n<tbody>\n<tr>\n<td>Blood Pressure (BP)<\/td>\n<td>\u2014<\/td>\n<td class=\"goal\">&lt; 120 \/ &lt; 80<\/td>\n<\/tr>\n<tr>\n<td>Hemoglobin A1c (Glucose)<\/td>\n<td>\u2014<\/td>\n<td class=\"goal\">&lt; 6<\/td>\n<\/tr>\n<tr>\n<td>Total Cholesterol (TC)<\/td>\n<td>\u2014<\/td>\n<td class=\"goal\">&lt; 200<\/td>\n<\/tr>\n<tr>\n<td>HDL (Good) Cholesterol<\/td>\n<td>\u2014<\/td>\n<td class=\"goal\">&gt; 40<\/td>\n<\/tr>\n<tr>\n<td>LDL (Bad) Cholesterol<\/td>\n<td>\u2014<\/td>\n<td class=\"goal\">&lt; 70<\/td>\n<\/tr>\n<tr>\n<td>Triglycerides<\/td>\n<td>\u2014<\/td>\n<td class=\"goal\">&lt; 150<\/td>\n<\/tr>\n<tr>\n<td>Body Mass Index (BMI)<\/td>\n<td>\u2014<\/td>\n<td class=\"goal\">&lt; 25 kg\/m\u00b2<\/td>\n<\/tr>\n<\/tbody>\n<\/table>\t\t\t\t\t\t\t\t<\/div>\n\t\t\t\t<\/div>\n\t\t\t\t\t<\/div>\n\t\t\t\t<\/div>\n\t\t<div class=\"elementor-element elementor-element-2969b464 e-flex e-con-boxed e-con e-parent\" data-id=\"2969b464\" data-element_type=\"container\" data-e-type=\"container\" data-settings=\"{&quot;background_background&quot;:&quot;classic&quot;}\">\n\t\t\t\t\t<div class=\"e-con-inner\">\n\t\t\t\t<div class=\"elementor-element elementor-element-4d465fe5 elementor-widget elementor-widget-heading\" data-id=\"4d465fe5\" data-element_type=\"widget\" data-e-type=\"widget\" data-widget_type=\"heading.default\">\n\t\t\t\t\t<h2 class=\"elementor-heading-title elementor-size-default\">\u00bfListo para proteger la salud de tu coraz\u00f3n?\n<\/h2>\t\t\t\t<\/div>\n\t\t\t\t<div class=\"elementor-element elementor-element-1e61a241 elementor-widget elementor-widget-text-editor\" data-id=\"1e61a241\" data-element_type=\"widget\" data-e-type=\"widget\" data-widget_type=\"text-editor.default\">\n\t\t\t\t\t\t\t\t\tTu coraz\u00f3n merece una atenci\u00f3n experta y personalizada.\n\nAgenda tu consulta hoy mismo. \t\t\t\t\t\t\t\t<\/div>\n\t\t<div class=\"elementor-element elementor-element-47b98ae0 e-con-full e-flex e-con e-child\" data-id=\"47b98ae0\" data-element_type=\"container\" data-e-type=\"container\">\n\t\t\t\t<div class=\"elementor-element elementor-element-39243472 elementor-align-left elementor-widget elementor-widget-button\" data-id=\"39243472\" data-element_type=\"widget\" data-e-type=\"widget\" data-widget_type=\"button.default\">\n\t\t\t\t\t\t\t\t\t\t<a class=\"elementor-button elementor-button-link elementor-size-sm\" href=\"https:\/\/buenaparkheartcenter.com\/es\/new-patient-packet\/\">\n\t\t\t\t\t\t<span class=\"elementor-button-content-wrapper\">\n\t\t\t\t\t\t\t\t\t<span class=\"elementor-button-text\">Ver Paquete de Informaci\u00f3n para Nuevos Pacientes <\/span>\n\t\t\t\t\t<\/span>\n\t\t\t\t\t<\/a>\n\t\t\t\t\t\t\t\t<\/div>\n\t\t\t\t<div class=\"elementor-element elementor-element-3abc82d elementor-widget elementor-widget-button\" data-id=\"3abc82d\" data-element_type=\"widget\" data-e-type=\"widget\" data-widget_type=\"button.default\">\n\t\t\t\t\t\t\t\t\t\t<a class=\"elementor-button elementor-button-link elementor-size-sm\" href=\"https:\/\/buenaparkheartcenter.com\/es\/contact-us\/\">\n\t\t\t\t\t\t<span class=\"elementor-button-content-wrapper\">\n\t\t\t\t\t\t<span class=\"elementor-button-icon\">\n\t\t\t\t<svg aria-hidden=\"true\" class=\"e-font-icon-svg e-fas-arrow-right\" viewbox=\"0 0 448 512\" xmlns=\"http:\/\/www.w3.org\/2000\/svg\"><path d=\"M190.5 66.9l22.2-22.2c9.4-9.4 24.6-9.4 33.9 0L441 239c9.4 9.4 9.4 24.6 0 33.9L246.6 467.3c-9.4 9.4-24.6 9.4-33.9 0l-22.2-22.2c-9.5-9.5-9.3-25 .4-34.3L311.4 296H24c-13.3 0-24-10.7-24-24v-32c0-13.3 10.7-24 24-24h287.4L190.9 101.2c-9.8-9.3-10-24.8-.4-34.3z\"><\/path><\/svg>\t\t\t<\/span>\n\t\t\t\t\t\t\t\t\t<span class=\"elementor-button-text\"> Solicitud en l\u00ednea<\/span>\n\t\t\t\t\t<\/span>\n\t\t\t\t\t<\/a>\n\t\t\t\t\t\t\t\t<\/div>\n\t\t\t\t<\/div>\n\t\t\t\t\t<\/div>\n\t\t\t\t<\/div>\n\t\t\t\t<\/div>","protected":false},"excerpt":{"rendered":"<p>Technology You Can Rely On. Care You Can Feel. Experience You Can Trust Why Choose Buena Park Heart Center? Choosing [&hellip;]<\/p>\n","protected":false},"author":1,"featured_media":0,"parent":0,"menu_order":0,"comment_status":"closed","ping_status":"closed","template":"","meta":{"site-sidebar-layout":"no-sidebar","site-content-layout":"","ast-site-content-layout":"full-width-container","site-content-style":"default","site-sidebar-style":"default","ast-global-header-display":"","ast-banner-title-visibility":"","ast-main-header-display":"","ast-hfb-above-header-display":"","ast-hfb-below-header-display":"","ast-hfb-mobile-header-display":"","site-post-title":"disabled","ast-breadcrumbs-content":"","ast-featured-img":"disabled","footer-sml-layout":"","ast-disable-related-posts":"","theme-transparent-header-meta":"","adv-header-id-meta":"","stick-header-meta":"","header-above-stick-meta":"","header-main-stick-meta":"","header-below-stick-meta":"","astra-migrate-meta-layouts":"default","ast-page-background-enabled":"default","ast-page-background-meta":{"desktop":{"background-color":"var(--ast-global-color-5)","background-image":"","background-repeat":"repeat","background-position":"center center","background-size":"auto","background-attachment":"scroll","background-type":"","background-media":"","overlay-type":"","overlay-color":"","overlay-opacity":"","overlay-gradient":""},"tablet":{"background-color":"","background-image":"","background-repeat":"repeat","background-position":"center center","background-size":"auto","background-attachment":"scroll","background-type":"","background-media":"","overlay-type":"","overlay-color":"","overlay-opacity":"","overlay-gradient":""},"mobile":{"background-color":"","background-image":"","background-repeat":"repeat","background-position":"center center","background-size":"auto","background-attachment":"scroll","background-type":"","background-media":"","overlay-type":"","overlay-color":"","overlay-opacity":"","overlay-gradient":""}},"ast-content-background-meta":{"desktop":{"background-color":"var(--ast-global-color-4)","background-image":"","background-repeat":"repeat","background-position":"center center","background-size":"auto","background-attachment":"scroll","background-type":"","background-media":"","overlay-type":"","overlay-color":"","overlay-opacity":"","overlay-gradient":""},"tablet":{"background-color":"var(--ast-global-color-4)","background-image":"","background-repeat":"repeat","background-position":"center center","background-size":"auto","background-attachment":"scroll","background-type":"","background-media":"","overlay-type":"","overlay-color":"","overlay-opacity":"","overlay-gradient":""},"mobile":{"background-color":"var(--ast-global-color-4)","background-image":"","background-repeat":"repeat","background-position":"center center","background-size":"auto","background-attachment":"scroll","background-type":"","background-media":"","overlay-type":"","overlay-color":"","overlay-opacity":"","overlay-gradient":""}},"footnotes":""},"class_list":["post-267","page","type-page","status-publish","hentry"],"_links":{"self":[{"href":"https:\/\/buenaparkheartcenter.com\/es\/wp-json\/wp\/v2\/pages\/267","targetHints":{"allow":["GET"]}}],"collection":[{"href":"https:\/\/buenaparkheartcenter.com\/es\/wp-json\/wp\/v2\/pages"}],"about":[{"href":"https:\/\/buenaparkheartcenter.com\/es\/wp-json\/wp\/v2\/types\/page"}],"author":[{"embeddable":true,"href":"https:\/\/buenaparkheartcenter.com\/es\/wp-json\/wp\/v2\/users\/1"}],"replies":[{"embeddable":true,"href":"https:\/\/buenaparkheartcenter.com\/es\/wp-json\/wp\/v2\/comments?post=267"}],"version-history":[{"count":10,"href":"https:\/\/buenaparkheartcenter.com\/es\/wp-json\/wp\/v2\/pages\/267\/revisions"}],"predecessor-version":[{"id":558,"href":"https:\/\/buenaparkheartcenter.com\/es\/wp-json\/wp\/v2\/pages\/267\/revisions\/558"}],"wp:attachment":[{"href":"https:\/\/buenaparkheartcenter.com\/es\/wp-json\/wp\/v2\/media?parent=267"}],"curies":[{"name":"wp","href":"https:\/\/api.w.org\/{rel}","templated":true}]}}